{"id":14692,"date":"2023-11-17T10:17:03","date_gmt":"2023-11-17T13:17:03","guid":{"rendered":"https:\/\/lauragutman.com\/?page_id=14692"},"modified":"2023-11-17T10:22:22","modified_gmt":"2023-11-17T13:22:22","slug":"politicas-de-privacidad","status":"publish","type":"page","link":"https:\/\/lauragutman.com\/en\/politicas-de-privacidad\/","title":{"rendered":"Pol\u00edticas de privacidad"},"content":{"rendered":"<div data-elementor-type=\"wp-page\" data-elementor-id=\"14692\" class=\"elementor elementor-14692\" data-elementor-post-type=\"page\">\n\t\t\t\t\t\t<section class=\"elementor-section elementor-top-section elementor-element elementor-element-84e94e3 elementor-section-boxed elementor-section-height-default elementor-section-height-default\" data-id=\"84e94e3\" data-element_type=\"section\" data-e-type=\"section\">\n\t\t\t\t\t\t<div class=\"elementor-container elementor-column-gap-default\">\n\t\t\t\t\t<div class=\"elementor-column elementor-col-100 elementor-top-column elementor-element elementor-element-94de96f\" data-id=\"94de96f\" data-element_type=\"column\" data-e-type=\"column\">\n\t\t\t<div class=\"elementor-widget-wrap elementor-element-populated\">\n\t\t\t\t\t\t<div class=\"elementor-element elementor-element-47097ae elementor-widget elementor-widget-heading\" data-id=\"47097ae\" data-element_type=\"widget\" data-e-type=\"widget\" data-widget_type=\"heading.default\">\n\t\t\t\t<div class=\"elementor-widget-container\">\n\t\t\t\t\t<h2 class=\"elementor-heading-title elementor-size-default\">Pol\u00edticas de privacidad<\/h2>\t\t\t\t<\/div>\n\t\t\t\t<\/div>\n\t\t\t\t<div class=\"elementor-element elementor-element-0a25cd4 elementor-widget elementor-widget-text-editor\" data-id=\"0a25cd4\" data-element_type=\"widget\" data-e-type=\"widget\" data-widget_type=\"text-editor.default\">\n\t\t\t\t<div class=\"elementor-widget-container\">\n\t\t\t\t\t\t\t\t\t<p>Bienvenido a Universo Laura Gutman. Nos complace ofrecerle acceso al Servicio, sujeto a estos t\u00e9rminos y condiciones (los \u201cT\u00e9rminos de Servicio\u201c) y a la Pol\u00edtica de Privacidad correspondiente a las diversas formaciones y a la atenci\u00f3n individual a trav\u00e9s de la Biograf\u00eda Humana (la \u201cPol\u00edtica de Privacidad\u201d). Al acceder y utilizar el Servicio, usted expresa su consentimiento, acuerdo y entendimiento de los T\u00e9rminos de Servicio y la Pol\u00edtica de Privacidad. Si no est\u00e1 de acuerdo por favor no utilice el Servicio.<br \/><br \/><strong>Generalidades sobre los T\u00e9rminos de Servicio.<\/strong><\/p>\t\t\t\t\t\t\t\t<\/div>\n\t\t\t\t<\/div>\n\t\t\t\t<div class=\"elementor-element elementor-element-a9eff85 elementor-widget elementor-widget-text-editor\" data-id=\"a9eff85\" data-element_type=\"widget\" data-e-type=\"widget\" data-widget_type=\"text-editor.default\">\n\t\t\t\t<div class=\"elementor-widget-container\">\n\t\t\t\t\t\t\t\t\t<p>1.1 Crianza LLC posee y opera el sitio Universo Laura Gutman, <a href=\"https:\/\/lauragutman.com.ar\">www.lauragutman.com.ar<\/a> y <a href=\"https:\/\/lauragutman.com\/en\/\">www.lauragutman.com<\/a>. Le ofrecemos la posibilidad de realizar sesiones de biografia humana a trav\u00e9s de nuestros servicios en l\u00ednea.<\/p><p>1.2 Lo siguiente es un breve resumen de determinados t\u00e9rminos y condiciones que se incluyen en estos T\u00e9rminos de Servicio. No obstante, este resumen se proporciona \u00fanicamente para su comodidad; por lo tanto, usted deber\u00eda leer todos los T\u00e9rminos de Servicio antes de aceptarlos.<\/p><p>El Servicio s\u00f3lo funciona con su computadora personal o dispositivos compatibles.<\/p><p>Nos reservamos el derecho a realizar actualizaciones peri\u00f3dicas del Servicio, con o sin previo aviso.<\/p><p>Debe tener al menos 18 a\u00f1os de edad para aceptar estos T\u00e9rminos de Servicio.<\/p><p>Al utilizar el Servicio, usted autoriza la recopilaci\u00f3n, procesamiento y utilizaci\u00f3n de toda aquella informaci\u00f3n relacionada con el uso que usted hace del Servicio, la cual se recopila y maneja de conformidad con los t\u00e9rminos de nuestra Pol\u00edtica de Privacidad.<\/p><p>El uso de la informaci\u00f3n personal que usted brinda al utilizar el servicio, esta limitada a a los efectos de brindar informaci\u00f3n y notificaciones relacionadas al uso del servicio. En caso que decidiera dejar de utilizar el servicio o bien ser notificado por los medios que usted proporcion\u00f3, por favor, escribir a <a href=\"mailto:info@lauragutman.com.ar\">info@lauragutman.com.ar<\/a> solicitando la anulaci\u00f3n del uso de la informaci\u00f3n que usted mismo proporcion\u00f3.<\/p>\t\t\t\t\t\t\t\t<\/div>\n\t\t\t\t<\/div>\n\t\t\t\t<div class=\"elementor-element elementor-element-ec9a489 elementor-widget elementor-widget-text-editor\" data-id=\"ec9a489\" data-element_type=\"widget\" data-e-type=\"widget\" data-widget_type=\"text-editor.default\">\n\t\t\t\t<div class=\"elementor-widget-container\">\n\t\t\t\t\t\t\t\t\t<p>\u00a0<\/p><p><strong>Cargos y facturaci\u00f3n.<\/strong><br \/><br \/>2.1 Acuerdo de pago. Todos los usuarios del Servicio deben aceptar, en primer lugar, estos T\u00e9rminos de Servicio, y llenar una autorizaci\u00f3n de pago.<br \/><br \/>2.2 Pol\u00edtica de reembolso. Los cargos pueden ser reembolsables si Ud no est\u00e1 satisfecho.<br \/><br \/>2.3 Transacciones con tarjetas de cr\u00e9dito. Durante el proceso de registro se le solicitar\u00e1 que proporcione informaci\u00f3n sobre su tarjeta de cr\u00e9dito o cuenta bancaria. Como usuario del Servicio, usted acepta que se carguen a su tarjeta de cr\u00e9dito o se debiten de su cuenta bancaria, las cuotas aplicables, as\u00ed como cualquier impuesto sobre la venta y cualquier otro cargo en el que incurra en relaci\u00f3n con el uso del Servicio. En el caso de que utilice su tarjeta de cr\u00e9dito para hacer compras en el Servicio, nosotros podremos, a nuestra discreci\u00f3n, asentar los cargos en su tarjeta de cr\u00e9dito de forma individual o agregar sus cargos a otras compras que realice en el Servicio. Todos los cargos se facturar\u00e1n a la tarjeta de cr\u00e9dito que usted designe la primera vez que realice una compra o incurra en un cargo en el Servicio. Usted acepta que usted, y no Universo Laura Gutman o sus Afiliadas, ser\u00e1 el \u00fanico responsable del pago de todos los importes facturados a su tarjeta de cr\u00e9dito por terceros no autorizados. Usted acepta que no proporcionar\u00e1 informaci\u00f3n sobre ninguna tarjeta de cr\u00e9dito que no haya sido expedida a nombre de usted.<br \/><br \/>2.4 Impuestos. Las compras en el Servicio pueden incluir el impuesto sobre ventas o el impuesto al valor agregado (cuando proceda) y dicho impuesto se basar\u00e1 en la mejor informaci\u00f3n disponible acerca de su direcci\u00f3n. En tales casos, se aplicar\u00e1 el tipo impositivo que est\u00e9 en vigor en el momento en que se realicen las compras en el Servicio. Si cambia el tipo impositivo aplicable a las ventas antes de finalizar las compras correspondientes, se aplicar\u00e1 el nuevo tipo impositivo que est\u00e9 en vigor en el momento de concretar la compra en el Servicio. Podr\u00edan aplicarse otras limitaciones y renuncias a responsabilidad sobre productos y servicios. Usted ser\u00e1 el \u00fanico responsable de pagar la totalidad de dichos impuestos.<br \/><br \/>2.5 Derecho al cambio de precios. Todos los precios relacionados con el Servicio est\u00e1n sujetos a cambios, sin previo aviso y sin responsabilidad alguna hacia usted. <\/p>\t\t\t\t\t\t\t\t<\/div>\n\t\t\t\t<\/div>\n\t\t\t\t<div class=\"elementor-element elementor-element-2aa5259 elementor-widget elementor-widget-text-editor\" data-id=\"2aa5259\" data-element_type=\"widget\" data-e-type=\"widget\" data-widget_type=\"text-editor.default\">\n\t\t\t\t<div class=\"elementor-widget-container\">\n\t\t\t\t\t\t\t\t\t<p>\u00a0<\/p><p><strong>Notificaciones especiales. Como usuario del Servicio, tenga en cuenta lo siguiente:<\/strong><br \/><br \/>3.1 Privacidad. Al registrarse en el Servicio, usted otorga su consentimiento para la recopilaci\u00f3n y procesamiento de toda la informaci\u00f3n relacionada con el uso que usted hace del Servicio, incluyendo la Informaci\u00f3n de Registro. Crianza LLC recopila y maneja esta informaci\u00f3n de conformidad con los t\u00e9rminos de la Pol\u00edtica de Privacidad, que queda expresamente incorporada en estos T\u00e9rminos de Servicio mediante referencia. Al aceptar estos T\u00e9rminos de Servicio, usted tambi\u00e9n acepta la Pol\u00edtica de Privacidad. En caso que usted desee darse de baja de nuestros registros o base de datos, o bien no recibir informaci\u00f3n o notificaciones en las v\u00edas de contacto que usted proporciono, env\u00ede una solicitud de baja al mail info@lauragutman.com.ar<\/p><p><br \/>3.2 Exactitud de la informaci\u00f3n. Usted declara y garantiza que toda la informaci\u00f3n (incluida la Informaci\u00f3n de Registro y las respuestas a los sondeos y encuestas) que nos proporciona es correcta, completa y vigente, y se compromete a actualizar dicha informaci\u00f3n cuando sea necesario. Tambi\u00e9n admite que cualquier informaci\u00f3n proporcionada por usted, no violar\u00e1 ninguna ley o reglamento, ni infringir\u00e1 los derechos de terceros.<\/p>\t\t\t\t\t\t\t\t<\/div>\n\t\t\t\t<\/div>\n\t\t\t\t<div class=\"elementor-element elementor-element-557e996 elementor-widget elementor-widget-text-editor\" data-id=\"557e996\" data-element_type=\"widget\" data-e-type=\"widget\" data-widget_type=\"text-editor.default\">\n\t\t\t\t<div class=\"elementor-widget-container\">\n\t\t\t\t\t\t\t\t\t<p><strong><br \/>Preguntas.<\/strong><br \/><br \/>Si tiene alguna pregunta o comentario sobre estos T\u00e9rminos de Servicio, no dude en escribirnos a la siguiente direcci\u00f3n : <a href=\"mailto:info@lauragutman.com.ar\">info@lauragutman.com.ar<\/a><\/p><p>Crianza LLC. 7505 Euclid ave NE. NM 87110. Albuquerque.\u00a0USA<\/p>\t\t\t\t\t\t\t\t<\/div>\n\t\t\t\t<\/div>\n\t\t\t\t\t<\/div>\n\t\t<\/div>\n\t\t\t\t\t<\/div>\n\t\t<\/section>\n\t\t\t\t<\/div>","protected":false},"excerpt":{"rendered":"<p>Pol\u00edticas de privacidad Bienvenido a Universo Laura Gutman. Nos complace ofrecerle acceso al Servicio, sujeto a estos t\u00e9rminos y condiciones (los \u201cT\u00e9rminos de Servicio\u201c) y a la Pol\u00edtica de Privacidad correspondiente a las diversas formaciones y a la atenci\u00f3n individual a trav\u00e9s de la Biograf\u00eda Humana (la \u201cPol\u00edtica de Privacidad\u201d). Al acceder y utilizar el [&hellip;]<\/p>","protected":false},"author":1,"featured_media":0,"parent":0,"menu_order":0,"comment_status":"closed","ping_status":"closed","template":"","meta":{"footnotes":""},"class_list":["post-14692","page","type-page","status-publish","hentry"],"_links":{"self":[{"href":"https:\/\/lauragutman.com\/en\/wp-json\/wp\/v2\/pages\/14692","targetHints":{"allow":["GET"]}}],"collection":[{"href":"https:\/\/lauragutman.com\/en\/wp-json\/wp\/v2\/pages"}],"about":[{"href":"https:\/\/lauragutman.com\/en\/wp-json\/wp\/v2\/types\/page"}],"author":[{"embeddable":true,"href":"https:\/\/lauragutman.com\/en\/wp-json\/wp\/v2\/users\/1"}],"replies":[{"embeddable":true,"href":"https:\/\/lauragutman.com\/en\/wp-json\/wp\/v2\/comments?post=14692"}],"version-history":[{"count":4,"href":"https:\/\/lauragutman.com\/en\/wp-json\/wp\/v2\/pages\/14692\/revisions"}],"predecessor-version":[{"id":14696,"href":"https:\/\/lauragutman.com\/en\/wp-json\/wp\/v2\/pages\/14692\/revisions\/14696"}],"wp:attachment":[{"href":"https:\/\/lauragutman.com\/en\/wp-json\/wp\/v2\/media?parent=14692"}],"curies":[{"name":"wp","href":"https:\/\/api.w.org\/{rel}","templated":true}]}}