{"id":22,"date":"2023-08-04T02:32:15","date_gmt":"2023-08-04T02:32:15","guid":{"rendered":"https:\/\/lauragutman.com\/?page_id=22"},"modified":"2025-07-25T09:19:56","modified_gmt":"2025-07-25T12:19:56","slug":"inicio","status":"publish","type":"page","link":"https:\/\/lauragutman.com\/pt\/","title":{"rendered":"Inicio"},"content":{"rendered":"<div data-elementor-type=\"wp-page\" data-elementor-id=\"22\" class=\"elementor elementor-22\" data-elementor-post-type=\"page\">\n\t\t\t\t\t\t<section class=\"elementor-section elementor-top-section elementor-element elementor-element-023ab22 elementor-section-height-full elementor-reverse-mobile elementor-section-boxed elementor-section-height-default elementor-section-items-middle\" data-id=\"023ab22\" data-element_type=\"section\" data-settings=\"{&quot;background_background&quot;:&quot;classic&quot;}\">\n\t\t\t\t\t\t<div class=\"elementor-container elementor-column-gap-default\">\n\t\t\t\t\t<div class=\"elementor-column elementor-col-50 elementor-top-column elementor-element elementor-element-847808a\" data-id=\"847808a\" data-element_type=\"column\">\n\t\t\t<div class=\"elementor-widget-wrap elementor-element-populated\">\n\t\t\t\t\t\t<div class=\"elementor-element elementor-element-a1cb985 elementor-widget elementor-widget-image\" data-id=\"a1cb985\" data-element_type=\"widget\" data-aos=\"fade-in\" data-aos-duration=\"500\" data-aos-easing=\"ease-in-out\" data-widget_type=\"image.default\">\n\t\t\t\t<div class=\"elementor-widget-container\">\n\t\t\t\t\t\t\t\t\t\t\t\t\t\t\t<img fetchpriority=\"high\" decoding=\"async\" width=\"625\" height=\"728\" src=\"https:\/\/lauragutman.com\/wp-content\/uploads\/2024\/02\/Laura-Gutman-perfil.png\" class=\"attachment-full size-full wp-image-16301\" alt=\"\" srcset=\"https:\/\/lauragutman.com\/wp-content\/uploads\/2024\/02\/Laura-Gutman-perfil.png 625w, https:\/\/lauragutman.com\/wp-content\/uploads\/2024\/02\/Laura-Gutman-perfil-258x300.png 258w, https:\/\/lauragutman.com\/wp-content\/uploads\/2024\/02\/Laura-Gutman-perfil-10x12.png 10w, https:\/\/lauragutman.com\/wp-content\/uploads\/2024\/02\/Laura-Gutman-perfil-480x559.png 480w\" sizes=\"(max-width: 625px) 100vw, 625px\" title=\"Laura-Gutman-perfil\" \/>\t\t\t\t\t\t\t\t\t\t\t\t\t\t\t<\/div>\n\t\t\t\t<\/div>\n\t\t\t\t\t<\/div>\n\t\t<\/div>\n\t\t\t\t<div class=\"elementor-column elementor-col-50 elementor-top-column elementor-element elementor-element-3ed1cf1\" data-id=\"3ed1cf1\" data-element_type=\"column\">\n\t\t\t<div class=\"elementor-widget-wrap elementor-element-populated\">\n\t\t\t\t\t\t<div class=\"elementor-element elementor-element-39db4f1 elementor-hidden-mobile elementor-widget__width-auto elementor-widget elementor-widget-image\" data-id=\"39db4f1\" data-element_type=\"widget\" data-aos=\"fade-in\" data-aos-duration=\"500\" data-aos-easing=\"ease-in-out\" data-aos-delay=\"300\" data-widget_type=\"image.default\">\n\t\t\t\t<div class=\"elementor-widget-container\">\n\t\t\t\t\t\t\t\t\t\t\t\t\t\t\t<img decoding=\"async\" width=\"1764\" height=\"1628\" src=\"https:\/\/lauragutman.com\/wp-content\/uploads\/2024\/02\/UNIVERSO-LAURA-GUTMAN-ICON.png\" class=\"attachment-full size-full wp-image-16293\" alt=\"\" srcset=\"https:\/\/lauragutman.com\/wp-content\/uploads\/2024\/02\/UNIVERSO-LAURA-GUTMAN-ICON.png 1764w, https:\/\/lauragutman.com\/wp-content\/uploads\/2024\/02\/UNIVERSO-LAURA-GUTMAN-ICON-1200x1107.png 1200w, https:\/\/lauragutman.com\/wp-content\/uploads\/2024\/02\/UNIVERSO-LAURA-GUTMAN-ICON-300x277.png 300w, https:\/\/lauragutman.com\/wp-content\/uploads\/2024\/02\/UNIVERSO-LAURA-GUTMAN-ICON-1024x945.png 1024w, https:\/\/lauragutman.com\/wp-content\/uploads\/2024\/02\/UNIVERSO-LAURA-GUTMAN-ICON-768x709.png 768w, https:\/\/lauragutman.com\/wp-content\/uploads\/2024\/02\/UNIVERSO-LAURA-GUTMAN-ICON-1536x1418.png 1536w, https:\/\/lauragutman.com\/wp-content\/uploads\/2024\/02\/UNIVERSO-LAURA-GUTMAN-ICON-13x12.png 13w, https:\/\/lauragutman.com\/wp-content\/uploads\/2024\/02\/UNIVERSO-LAURA-GUTMAN-ICON-480x443.png 480w\" sizes=\"(max-width: 1764px) 100vw, 1764px\" title=\"UNIVERSO-LAURA-GUTMAN-ICON\" \/>\t\t\t\t\t\t\t\t\t\t\t\t\t\t\t<\/div>\n\t\t\t\t<\/div>\n\t\t\t\t<div class=\"elementor-element elementor-element-054bd21 elementor-widget elementor-widget-heading\" data-id=\"054bd21\" data-element_type=\"widget\" data-aos=\"fade-in\" data-aos-duration=\"500\" data-aos-easing=\"ease-in-out\" data-aos-delay=\"400\" data-widget_type=\"heading.default\">\n\t\t\t\t<div class=\"elementor-widget-container\">\n\t\t\t\t\t<h2 class=\"elementor-heading-title elementor-size-default\">Consultas <\/h2>\t\t\t\t<\/div>\n\t\t\t\t<\/div>\n\t\t\t\t<div class=\"elementor-element elementor-element-41a6431 elementor-widget elementor-widget-heading\" data-id=\"41a6431\" data-element_type=\"widget\" data-aos=\"fade-in\" data-aos-duration=\"500\" data-aos-easing=\"ease-in-out\" data-aos-delay=\"400\" data-widget_type=\"heading.default\">\n\t\t\t\t<div class=\"elementor-widget-container\">\n\t\t\t\t\t<h2 class=\"elementor-heading-title elementor-size-default\">Biografia Humana<\/h2>\t\t\t\t<\/div>\n\t\t\t\t<\/div>\n\t\t\t\t<div class=\"elementor-element-custom_font_size elementor-element-custom_font_size_mobile elementor-element-custom_font_family elementor-element-custom_font_weight elementor-element-custom_color elementor-element elementor-element-9b25908 elementor-widget elementor-widget-text-editor\" data-id=\"9b25908\" data-element_type=\"widget\" data-aos=\"fade-in\" data-aos-duration=\"500\" data-aos-easing=\"ease-in-out\" data-aos-delay=\"600\" data-widget_type=\"text-editor.default\">\n\t\t\t\t<div class=\"elementor-widget-container\">\n\t\t\t\t\t\t\t\t\t<p>Durante mais de 40 anos de trabalho, Laura Gutman foi organizando uma inovadora metodologia terap\u00eautica para que cada individuo possa abordar sua pr\u00f3pria realidade emocional, levando em considera\u00e7\u00e3o o ponto de vista da crian\u00e7a que foi.<\/p>\t\t\t\t\t\t\t\t<\/div>\n\t\t\t\t<\/div>\n\t\t\t\t\t<\/div>\n\t\t<\/div>\n\t\t\t\t\t<\/div>\n\t\t<\/section>\n\t\t\t\t<section class=\"elementor-section elementor-top-section elementor-element elementor-element-7994c3a elementor-section-boxed elementor-section-height-default elementor-section-height-default\" data-id=\"7994c3a\" data-element_type=\"section\" data-settings=\"{&quot;background_background&quot;:&quot;classic&quot;,&quot;animation&quot;:&quot;none&quot;}\">\n\t\t\t\t\t\t<div class=\"elementor-container elementor-column-gap-default\">\n\t\t\t\t\t<div class=\"elementor-column elementor-col-100 elementor-top-column elementor-element elementor-element-8288e20 animated-slow elementor-invisible\" data-id=\"8288e20\" data-element_type=\"column\" data-settings=\"{&quot;background_background&quot;:&quot;classic&quot;,&quot;animation&quot;:&quot;fadeIn&quot;,&quot;animation_delay&quot;:400}\">\n\t\t\t<div class=\"elementor-widget-wrap elementor-element-populated\">\n\t\t\t\t\t\t<div class=\"elementor-element elementor-element-3ae55c3 elementor-widget__width-auto elementor-widget elementor-widget-heading\" data-id=\"3ae55c3\" data-element_type=\"widget\" data-widget_type=\"heading.default\">\n\t\t\t\t<div class=\"elementor-widget-container\">\n\t\t\t\t\t<h4 class=\"elementor-heading-title elementor-size-default\">Escritora, Pesquisadora da conduta humana e criadora da <b>Biografia Humana<\/b><\/h4>\t\t\t\t<\/div>\n\t\t\t\t<\/div>\n\t\t\t\t<div class=\"elementor-element elementor-element-335243f elementor-widget__width-auto elementor-widget-mobile__width-auto elementor-hidden-mobile elementor-widget elementor-widget-button\" data-id=\"335243f\" data-element_type=\"widget\" data-widget_type=\"button.default\">\n\t\t\t\t<div class=\"elementor-widget-container\">\n\t\t\t\t\t\t\t\t\t<div class=\"elementor-button-wrapper\">\n\t\t\t\t\t<a class=\"elementor-button elementor-button-link elementor-size-sm\" href=\"https:\/\/lauragutman.com\/pt\/tienda\/\">\n\t\t\t\t\t\t<span class=\"elementor-button-content-wrapper\">\n\t\t\t\t\t\t<span class=\"elementor-button-icon\">\n\t\t\t\t<i aria-hidden=\"true\" class=\"far fa-calendar-check\"><\/i>\t\t\t<\/span>\n\t\t\t\t\t\t\t\t\t<span class=\"elementor-button-text\">LOJA<\/span>\n\t\t\t\t\t<\/span>\n\t\t\t\t\t<\/a>\n\t\t\t\t<\/div>\n\t\t\t\t\t\t\t\t<\/div>\n\t\t\t\t<\/div>\n\t\t\t\t\t<\/div>\n\t\t<\/div>\n\t\t\t\t\t<\/div>\n\t\t<\/section>\n\t\t\t\t<\/div>","protected":false},"excerpt":{"rendered":"<p>Consultas Biograf\u00eda Humana Durante m\u00e1s de 40 a\u00f1os de trabajo, Laura Gutman fue organizando una innovadora metodolog\u00eda terap\u00e9utica para que cada individuo pueda abordar su propia realidad emocional, tomando en cuenta el punto de vista del ni\u00f1o que ha sido. Escritora, Investigadora de la conducta humana y creadora de la Biograf\u00eda Humana TIENDA<\/p>","protected":false},"author":1,"featured_media":0,"parent":0,"menu_order":0,"comment_status":"closed","ping_status":"closed","template":"","meta":{"footnotes":""},"class_list":["post-22","page","type-page","status-publish","hentry"],"_links":{"self":[{"href":"https:\/\/lauragutman.com\/pt\/wp-json\/wp\/v2\/pages\/22","targetHints":{"allow":["GET"]}}],"collection":[{"href":"https:\/\/lauragutman.com\/pt\/wp-json\/wp\/v2\/pages"}],"about":[{"href":"https:\/\/lauragutman.com\/pt\/wp-json\/wp\/v2\/types\/page"}],"author":[{"embeddable":true,"href":"https:\/\/lauragutman.com\/pt\/wp-json\/wp\/v2\/users\/1"}],"replies":[{"embeddable":true,"href":"https:\/\/lauragutman.com\/pt\/wp-json\/wp\/v2\/comments?post=22"}],"version-history":[{"count":166,"href":"https:\/\/lauragutman.com\/pt\/wp-json\/wp\/v2\/pages\/22\/revisions"}],"predecessor-version":[{"id":25322,"href":"https:\/\/lauragutman.com\/pt\/wp-json\/wp\/v2\/pages\/22\/revisions\/25322"}],"wp:attachment":[{"href":"https:\/\/lauragutman.com\/pt\/wp-json\/wp\/v2\/media?parent=22"}],"curies":[{"name":"wp","href":"https:\/\/api.w.org\/{rel}","templated":true}]}}